{"id":74,"date":"2023-09-03T11:46:50","date_gmt":"2023-09-03T09:46:50","guid":{"rendered":"http:\/\/plywalnia.centrummaraton.pl\/?page_id=74"},"modified":"2026-04-28T06:55:26","modified_gmt":"2026-04-28T04:55:26","slug":"nauka-plywania","status":"publish","type":"page","link":"http:\/\/plywalnia.centrummaraton.pl\/index.php\/nauka-plywania\/","title":{"rendered":"Nauka P\u0142ywania"},"content":{"rendered":"\n<pre class=\"wp-block-preformatted has-accent-color has-text-color has-medium-font-size\">Od 4 wrze\u015bnia 2025r. zaczynamy nauk\u0119 p\u0142ywania<br>poni\u017cej lista naszych instruktor\u00f3w wraz z numerami kontaktowymi:<br><br>Jacek PACHLA                  - 690 140 790<br>Patryk NAPIERA\u0141A              - 505 179 133<br>Karol BARTKOWIAK              - 721 573 722<br>Adam KACZMAREK                - 724 757 281<br>Mateusz MISTERSKI             - 691 227 320<br>Krzysztof UNGER               - 661 953 536<br>Karol TOMCZAK                 - 889 839 878<br>Oliwia MAREK                  - 696 175 885 (w \u015brody zaj\u0119cia dla niemowl\u0105t)<br>Joanna STANIS\u0141AWSKA           - 533 373 075 (nauka weekendowa)<br>Michalina PA\u0141OSZ              - 608 265 743 (zaj\u0119cia z osobami niepe\u0142nosprawnymi)<br><br><\/pre>\n","protected":false},"excerpt":{"rendered":"<p>Od 4 wrze\u015bnia 2025r. zaczynamy nauk\u0119 p\u0142ywaniaponi\u017cej lista naszych instruktor\u00f3w wraz z numerami kontaktowymi:Jacek PACHLA &#8211; 690 140 790Patryk NAPIERA\u0141A &#8211; 505 179 133Karol BARTKOWIAK &#8211; 721 573 722Adam KACZMAREK &#8211; 724 757 281Mateusz MISTERSKI &#8211; 691 227 320Krzysztof UNGER &#8211; 661 953 536Karol TOMCZAK &#8211; 889 839 878Oliwia MAREK &#8211; 696 175 885 (w [&hellip;]<\/p>\n","protected":false},"author":1,"featured_media":0,"parent":0,"menu_order":0,"comment_status":"closed","ping_status":"closed","template":"templates\/template-full-width.php","meta":{"footnotes":""},"class_list":["post-74","page","type-page","status-publish","hentry"],"_links":{"self":[{"href":"http:\/\/plywalnia.centrummaraton.pl\/index.php\/wp-json\/wp\/v2\/pages\/74","targetHints":{"allow":["GET"]}}],"collection":[{"href":"http:\/\/plywalnia.centrummaraton.pl\/index.php\/wp-json\/wp\/v2\/pages"}],"about":[{"href":"http:\/\/plywalnia.centrummaraton.pl\/index.php\/wp-json\/wp\/v2\/types\/page"}],"author":[{"embeddable":true,"href":"http:\/\/plywalnia.centrummaraton.pl\/index.php\/wp-json\/wp\/v2\/users\/1"}],"replies":[{"embeddable":true,"href":"http:\/\/plywalnia.centrummaraton.pl\/index.php\/wp-json\/wp\/v2\/comments?post=74"}],"version-history":[{"count":13,"href":"http:\/\/plywalnia.centrummaraton.pl\/index.php\/wp-json\/wp\/v2\/pages\/74\/revisions"}],"predecessor-version":[{"id":262,"href":"http:\/\/plywalnia.centrummaraton.pl\/index.php\/wp-json\/wp\/v2\/pages\/74\/revisions\/262"}],"wp:attachment":[{"href":"http:\/\/plywalnia.centrummaraton.pl\/index.php\/wp-json\/wp\/v2\/media?parent=74"}],"curies":[{"name":"wp","href":"https:\/\/api.w.org\/{rel}","templated":true}]}}